{"id":2172,"date":"2025-01-21T20:38:41","date_gmt":"2025-01-21T20:38:41","guid":{"rendered":"https:\/\/lacabanamiraflores.com\/inicio\/?page_id=2172"},"modified":"2025-11-07T14:57:47","modified_gmt":"2025-11-07T14:57:47","slug":"entradas","status":"publish","type":"page","link":"https:\/\/lacabanamiraflores.com\/inicio\/entradas\/","title":{"rendered":"Entradas"},"content":{"rendered":"\t\t<div data-elementor-type=\"wp-page\" data-elementor-id=\"2172\" class=\"elementor elementor-2172\">\n\t\t\t\t<div class=\"elementor-element elementor-element-b10d5f3 e-flex e-con-boxed e-con e-parent\" data-id=\"b10d5f3\" data-element_type=\"container\" data-settings=\"{&quot;background_background&quot;:&quot;classic&quot;}\">\n\t\t\t\t\t<div class=\"e-con-inner\">\n\t\t\t\t<div class=\"elementor-element elementor-element-666b023 elementor-widget elementor-widget-heading\" data-id=\"666b023\" data-element_type=\"widget\" data-widget_type=\"heading.default\">\n\t\t\t\t<div class=\"elementor-widget-container\">\n\t\t\t\t\t<h2 class=\"elementor-heading-title elementor-size-default\">ENTRADAS<\/h2>\t\t\t\t<\/div>\n\t\t\t\t<\/div>\n\t\t\t\t<div class=\"elementor-element elementor-element-89bc6a9 elementor-widget elementor-widget-image\" data-id=\"89bc6a9\" data-element_type=\"widget\" data-widget_type=\"image.default\">\n\t\t\t\t<div class=\"elementor-widget-container\">\n\t\t\t\t\t\t\t\t\t\t\t\t\t\t\t<img fetchpriority=\"high\" decoding=\"async\" width=\"240\" height=\"300\" src=\"https:\/\/lacabanamiraflores.com\/inicio\/wp-content\/uploads\/2025\/01\/209-DSC09221-240x300.jpg\" class=\"attachment-medium size-medium wp-image-2178\" alt=\"\" srcset=\"https:\/\/lacabanamiraflores.com\/inicio\/wp-content\/uploads\/2025\/01\/209-DSC09221-240x300.jpg 240w, https:\/\/lacabanamiraflores.com\/inicio\/wp-content\/uploads\/2025\/01\/209-DSC09221-819x1024.jpg 819w, https:\/\/lacabanamiraflores.com\/inicio\/wp-content\/uploads\/2025\/01\/209-DSC09221-768x960.jpg 768w, https:\/\/lacabanamiraflores.com\/inicio\/wp-content\/uploads\/2025\/01\/209-DSC09221-1229x1536.jpg 1229w, https:\/\/lacabanamiraflores.com\/inicio\/wp-content\/uploads\/2025\/01\/209-DSC09221-1638x2048.jpg 1638w, https:\/\/lacabanamiraflores.com\/inicio\/wp-content\/uploads\/2025\/01\/209-DSC09221-600x750.jpg 600w, https:\/\/lacabanamiraflores.com\/inicio\/wp-content\/uploads\/2025\/01\/209-DSC09221-scaled-e1737492434681.jpg 1000w\" sizes=\"(max-width: 240px) 100vw, 240px\" \/>\t\t\t\t\t\t\t\t\t\t\t\t\t\t\t<\/div>\n\t\t\t\t<\/div>\n\t\t\t\t<div class=\"elementor-element elementor-element-813304c elementor-widget elementor-widget-heading\" data-id=\"813304c\" data-element_type=\"widget\" data-widget_type=\"heading.default\">\n\t\t\t\t<div class=\"elementor-widget-container\">\n\t\t\t\t\t<h2 class=\"elementor-heading-title elementor-size-default\">Coctel de camar\u00f3n<\/h2>\t\t\t\t<\/div>\n\t\t\t\t<\/div>\n\t\t\t\t<div class=\"elementor-element elementor-element-307ae1d elementor-widget elementor-widget-text-editor\" data-id=\"307ae1d\" data-element_type=\"widget\" data-widget_type=\"text-editor.default\">\n\t\t\t\t<div class=\"elementor-widget-container\">\n\t\t\t\t\t\t\t\t\t<p>150g de camar\u00f3n fresco<br \/>preparado con salsas zafr\u00e1n, y especias.<\/p>\t\t\t\t\t\t\t\t<\/div>\n\t\t\t\t<\/div>\n\t\t\t\t<div class=\"elementor-element elementor-element-72cd74a elementor-widget elementor-widget-image\" data-id=\"72cd74a\" data-element_type=\"widget\" data-widget_type=\"image.default\">\n\t\t\t\t<div class=\"elementor-widget-container\">\n\t\t\t\t\t\t\t\t\t\t\t\t\t\t\t<img decoding=\"async\" width=\"1024\" height=\"84\" src=\"https:\/\/lacabanamiraflores.com\/inicio\/wp-content\/uploads\/2025\/01\/Recurso-64LaCabana-1024x84.png\" class=\"attachment-large size-large wp-image-2238\" alt=\"\" srcset=\"https:\/\/lacabanamiraflores.com\/inicio\/wp-content\/uploads\/2025\/01\/Recurso-64LaCabana-1024x84.png 1024w, https:\/\/lacabanamiraflores.com\/inicio\/wp-content\/uploads\/2025\/01\/Recurso-64LaCabana-300x25.png 300w, https:\/\/lacabanamiraflores.com\/inicio\/wp-content\/uploads\/2025\/01\/Recurso-64LaCabana-768x63.png 768w, https:\/\/lacabanamiraflores.com\/inicio\/wp-content\/uploads\/2025\/01\/Recurso-64LaCabana-1536x126.png 1536w, https:\/\/lacabanamiraflores.com\/inicio\/wp-content\/uploads\/2025\/01\/Recurso-64LaCabana-600x49.png 600w, https:\/\/lacabanamiraflores.com\/inicio\/wp-content\/uploads\/2025\/01\/Recurso-64LaCabana.png 1859w\" sizes=\"(max-width: 1024px) 100vw, 1024px\" \/>\t\t\t\t\t\t\t\t\t\t\t\t\t\t\t<\/div>\n\t\t\t\t<\/div>\n\t\t\t\t<div class=\"elementor-element elementor-element-f3f0499 elementor-widget elementor-widget-image\" data-id=\"f3f0499\" data-element_type=\"widget\" data-widget_type=\"image.default\">\n\t\t\t\t<div class=\"elementor-widget-container\">\n\t\t\t\t\t\t\t\t\t\t\t\t\t\t\t<img decoding=\"async\" width=\"240\" height=\"300\" src=\"https:\/\/lacabanamiraflores.com\/inicio\/wp-content\/uploads\/2025\/11\/116-DSC06213-scaled-e1762526893776-240x300.jpg\" class=\"attachment-medium size-medium wp-image-2601\" alt=\"\" srcset=\"https:\/\/lacabanamiraflores.com\/inicio\/wp-content\/uploads\/2025\/11\/116-DSC06213-scaled-e1762526893776-240x300.jpg 240w, https:\/\/lacabanamiraflores.com\/inicio\/wp-content\/uploads\/2025\/11\/116-DSC06213-scaled-e1762526893776-819x1024.jpg 819w, https:\/\/lacabanamiraflores.com\/inicio\/wp-content\/uploads\/2025\/11\/116-DSC06213-scaled-e1762526893776-768x961.jpg 768w, https:\/\/lacabanamiraflores.com\/inicio\/wp-content\/uploads\/2025\/11\/116-DSC06213-scaled-e1762526893776-1228x1536.jpg 1228w, https:\/\/lacabanamiraflores.com\/inicio\/wp-content\/uploads\/2025\/11\/116-DSC06213-scaled-e1762526893776-1637x2048.jpg 1637w, https:\/\/lacabanamiraflores.com\/inicio\/wp-content\/uploads\/2025\/11\/116-DSC06213-scaled-e1762526893776-600x751.jpg 600w, https:\/\/lacabanamiraflores.com\/inicio\/wp-content\/uploads\/2025\/11\/116-DSC06213-scaled-e1762526893776.jpg 1920w\" sizes=\"(max-width: 240px) 100vw, 240px\" \/>\t\t\t\t\t\t\t\t\t\t\t\t\t\t\t<\/div>\n\t\t\t\t<\/div>\n\t\t\t\t<div class=\"elementor-element elementor-element-e7f43f8 elementor-widget elementor-widget-heading\" data-id=\"e7f43f8\" data-element_type=\"widget\" data-widget_type=\"heading.default\">\n\t\t\t\t<div class=\"elementor-widget-container\">\n\t\t\t\t\t<h2 class=\"elementor-heading-title elementor-size-default\">Chicharroncitos\n<\/h2>\t\t\t\t<\/div>\n\t\t\t\t<\/div>\n\t\t\t\t<div class=\"elementor-element elementor-element-95d5938 elementor-widget elementor-widget-text-editor\" data-id=\"95d5938\" data-element_type=\"widget\" data-widget_type=\"text-editor.default\">\n\t\t\t\t<div class=\"elementor-widget-container\">\n\t\t\t\t\t\t\t\t\t<p style=\"text-align: center;\">150g de panceta cerdo con yuca al<br \/>vapor y salsa de la casa.<\/p>\t\t\t\t\t\t\t\t<\/div>\n\t\t\t\t<\/div>\n\t\t\t\t<div class=\"elementor-element elementor-element-6fc2376 elementor-widget elementor-widget-image\" data-id=\"6fc2376\" data-element_type=\"widget\" data-widget_type=\"image.default\">\n\t\t\t\t<div class=\"elementor-widget-container\">\n\t\t\t\t\t\t\t\t\t\t\t\t\t\t\t<img decoding=\"async\" width=\"1024\" height=\"84\" src=\"https:\/\/lacabanamiraflores.com\/inicio\/wp-content\/uploads\/2025\/01\/Recurso-64LaCabana-1024x84.png\" class=\"attachment-large size-large wp-image-2238\" alt=\"\" srcset=\"https:\/\/lacabanamiraflores.com\/inicio\/wp-content\/uploads\/2025\/01\/Recurso-64LaCabana-1024x84.png 1024w, https:\/\/lacabanamiraflores.com\/inicio\/wp-content\/uploads\/2025\/01\/Recurso-64LaCabana-300x25.png 300w, https:\/\/lacabanamiraflores.com\/inicio\/wp-content\/uploads\/2025\/01\/Recurso-64LaCabana-768x63.png 768w, https:\/\/lacabanamiraflores.com\/inicio\/wp-content\/uploads\/2025\/01\/Recurso-64LaCabana-1536x126.png 1536w, https:\/\/lacabanamiraflores.com\/inicio\/wp-content\/uploads\/2025\/01\/Recurso-64LaCabana-600x49.png 600w, https:\/\/lacabanamiraflores.com\/inicio\/wp-content\/uploads\/2025\/01\/Recurso-64LaCabana.png 1859w\" sizes=\"(max-width: 1024px) 100vw, 1024px\" \/>\t\t\t\t\t\t\t\t\t\t\t\t\t\t\t<\/div>\n\t\t\t\t<\/div>\n\t\t\t\t<div class=\"elementor-element elementor-element-d18f63b elementor-widget elementor-widget-image\" data-id=\"d18f63b\" data-element_type=\"widget\" data-widget_type=\"image.default\">\n\t\t\t\t<div class=\"elementor-widget-container\">\n\t\t\t\t\t\t\t\t\t\t\t\t\t\t\t<img loading=\"lazy\" decoding=\"async\" width=\"240\" height=\"300\" src=\"https:\/\/lacabanamiraflores.com\/inicio\/wp-content\/uploads\/2025\/11\/105-DSC06165-scaled-e1762527049649-240x300.jpg\" class=\"attachment-medium size-medium wp-image-2603\" alt=\"\" srcset=\"https:\/\/lacabanamiraflores.com\/inicio\/wp-content\/uploads\/2025\/11\/105-DSC06165-scaled-e1762527049649-240x300.jpg 240w, https:\/\/lacabanamiraflores.com\/inicio\/wp-content\/uploads\/2025\/11\/105-DSC06165-scaled-e1762527049649-819x1024.jpg 819w, https:\/\/lacabanamiraflores.com\/inicio\/wp-content\/uploads\/2025\/11\/105-DSC06165-scaled-e1762527049649-768x960.jpg 768w, https:\/\/lacabanamiraflores.com\/inicio\/wp-content\/uploads\/2025\/11\/105-DSC06165-scaled-e1762527049649-600x750.jpg 600w, https:\/\/lacabanamiraflores.com\/inicio\/wp-content\/uploads\/2025\/11\/105-DSC06165-scaled-e1762527049649.jpg 1000w\" sizes=\"(max-width: 240px) 100vw, 240px\" \/>\t\t\t\t\t\t\t\t\t\t\t\t\t\t\t<\/div>\n\t\t\t\t<\/div>\n\t\t\t\t<div class=\"elementor-element elementor-element-530967f elementor-widget elementor-widget-heading\" data-id=\"530967f\" data-element_type=\"widget\" data-widget_type=\"heading.default\">\n\t\t\t\t<div class=\"elementor-widget-container\">\n\t\t\t\t\t<h2 class=\"elementor-heading-title elementor-size-default\">Chinchulines\n<\/h2>\t\t\t\t<\/div>\n\t\t\t\t<\/div>\n\t\t\t\t<div class=\"elementor-element elementor-element-e8f290e elementor-widget elementor-widget-text-editor\" data-id=\"e8f290e\" data-element_type=\"widget\" data-widget_type=\"text-editor.default\">\n\t\t\t\t<div class=\"elementor-widget-container\">\n\t\t\t\t\t\t\t\t\t<p style=\"text-align: center;\">200g de chunchulla de res con yuca al<br \/>vapor y salsa de la casa.<\/p>\t\t\t\t\t\t\t\t<\/div>\n\t\t\t\t<\/div>\n\t\t\t\t<div class=\"elementor-element elementor-element-20f4ee2 elementor-widget elementor-widget-image\" data-id=\"20f4ee2\" data-element_type=\"widget\" data-widget_type=\"image.default\">\n\t\t\t\t<div class=\"elementor-widget-container\">\n\t\t\t\t\t\t\t\t\t\t\t\t\t\t\t<img decoding=\"async\" width=\"1024\" height=\"84\" src=\"https:\/\/lacabanamiraflores.com\/inicio\/wp-content\/uploads\/2025\/01\/Recurso-64LaCabana-1024x84.png\" class=\"attachment-large size-large wp-image-2238\" alt=\"\" srcset=\"https:\/\/lacabanamiraflores.com\/inicio\/wp-content\/uploads\/2025\/01\/Recurso-64LaCabana-1024x84.png 1024w, https:\/\/lacabanamiraflores.com\/inicio\/wp-content\/uploads\/2025\/01\/Recurso-64LaCabana-300x25.png 300w, https:\/\/lacabanamiraflores.com\/inicio\/wp-content\/uploads\/2025\/01\/Recurso-64LaCabana-768x63.png 768w, https:\/\/lacabanamiraflores.com\/inicio\/wp-content\/uploads\/2025\/01\/Recurso-64LaCabana-1536x126.png 1536w, https:\/\/lacabanamiraflores.com\/inicio\/wp-content\/uploads\/2025\/01\/Recurso-64LaCabana-600x49.png 600w, https:\/\/lacabanamiraflores.com\/inicio\/wp-content\/uploads\/2025\/01\/Recurso-64LaCabana.png 1859w\" sizes=\"(max-width: 1024px) 100vw, 1024px\" \/>\t\t\t\t\t\t\t\t\t\t\t\t\t\t\t<\/div>\n\t\t\t\t<\/div>\n\t\t\t\t<div class=\"elementor-element elementor-element-264e110 elementor-widget elementor-widget-image\" data-id=\"264e110\" data-element_type=\"widget\" data-widget_type=\"image.default\">\n\t\t\t\t<div class=\"elementor-widget-container\">\n\t\t\t\t\t\t\t\t\t\t\t\t\t\t\t<img loading=\"lazy\" decoding=\"async\" width=\"240\" height=\"300\" src=\"https:\/\/lacabanamiraflores.com\/inicio\/wp-content\/uploads\/2025\/11\/109-DSC06178-scaled-e1762527188883-240x300.jpg\" class=\"attachment-medium size-medium wp-image-2604\" alt=\"\" srcset=\"https:\/\/lacabanamiraflores.com\/inicio\/wp-content\/uploads\/2025\/11\/109-DSC06178-scaled-e1762527188883-240x300.jpg 240w, https:\/\/lacabanamiraflores.com\/inicio\/wp-content\/uploads\/2025\/11\/109-DSC06178-scaled-e1762527188883-819x1024.jpg 819w, https:\/\/lacabanamiraflores.com\/inicio\/wp-content\/uploads\/2025\/11\/109-DSC06178-scaled-e1762527188883-768x960.jpg 768w, https:\/\/lacabanamiraflores.com\/inicio\/wp-content\/uploads\/2025\/11\/109-DSC06178-scaled-e1762527188883-600x750.jpg 600w, https:\/\/lacabanamiraflores.com\/inicio\/wp-content\/uploads\/2025\/11\/109-DSC06178-scaled-e1762527188883.jpg 1000w\" sizes=\"(max-width: 240px) 100vw, 240px\" \/>\t\t\t\t\t\t\t\t\t\t\t\t\t\t\t<\/div>\n\t\t\t\t<\/div>\n\t\t\t\t<div class=\"elementor-element elementor-element-28a2d15 elementor-widget elementor-widget-heading\" data-id=\"28a2d15\" data-element_type=\"widget\" data-widget_type=\"heading.default\">\n\t\t\t\t<div class=\"elementor-widget-container\">\n\t\t\t\t\t<h2 class=\"elementor-heading-title elementor-size-default\">Chorizos\n\n<\/h2>\t\t\t\t<\/div>\n\t\t\t\t<\/div>\n\t\t\t\t<div class=\"elementor-element elementor-element-eb46443 elementor-widget elementor-widget-text-editor\" data-id=\"eb46443\" data-element_type=\"widget\" data-widget_type=\"text-editor.default\">\n\t\t\t\t<div class=\"elementor-widget-container\">\n\t\t\t\t\t\t\t\t\t<p style=\"text-align: center;\">120g de chorizo Artesanal con yuca al<br \/>vapor y salsa de la casa<\/p>\t\t\t\t\t\t\t\t<\/div>\n\t\t\t\t<\/div>\n\t\t\t\t<div class=\"elementor-element elementor-element-2432847 elementor-widget elementor-widget-image\" data-id=\"2432847\" data-element_type=\"widget\" data-widget_type=\"image.default\">\n\t\t\t\t<div class=\"elementor-widget-container\">\n\t\t\t\t\t\t\t\t\t\t\t\t\t\t\t<img decoding=\"async\" width=\"1024\" height=\"84\" src=\"https:\/\/lacabanamiraflores.com\/inicio\/wp-content\/uploads\/2025\/01\/Recurso-64LaCabana-1024x84.png\" class=\"attachment-large size-large wp-image-2238\" alt=\"\" srcset=\"https:\/\/lacabanamiraflores.com\/inicio\/wp-content\/uploads\/2025\/01\/Recurso-64LaCabana-1024x84.png 1024w, https:\/\/lacabanamiraflores.com\/inicio\/wp-content\/uploads\/2025\/01\/Recurso-64LaCabana-300x25.png 300w, https:\/\/lacabanamiraflores.com\/inicio\/wp-content\/uploads\/2025\/01\/Recurso-64LaCabana-768x63.png 768w, https:\/\/lacabanamiraflores.com\/inicio\/wp-content\/uploads\/2025\/01\/Recurso-64LaCabana-1536x126.png 1536w, https:\/\/lacabanamiraflores.com\/inicio\/wp-content\/uploads\/2025\/01\/Recurso-64LaCabana-600x49.png 600w, https:\/\/lacabanamiraflores.com\/inicio\/wp-content\/uploads\/2025\/01\/Recurso-64LaCabana.png 1859w\" sizes=\"(max-width: 1024px) 100vw, 1024px\" \/>\t\t\t\t\t\t\t\t\t\t\t\t\t\t\t<\/div>\n\t\t\t\t<\/div>\n\t\t\t\t<div class=\"elementor-element elementor-element-461f817 elementor-mobile-align-center elementor-widget elementor-widget-button\" data-id=\"461f817\" data-element_type=\"widget\" data-widget_type=\"button.default\">\n\t\t\t\t<div class=\"elementor-widget-container\">\n\t\t\t\t\t\t\t\t\t<div class=\"elementor-button-wrapper\">\n\t\t\t\t\t<a class=\"elementor-button elementor-button-link elementor-size-sm\" href=\"https:\/\/drive.google.com\/file\/d\/1sovPH5QwbT2kD8lk5Rgh2RyeZEGKU9Ne\/view?usp=sharing\">\n\t\t\t\t\t\t<span class=\"elementor-button-content-wrapper\">\n\t\t\t\t\t\t\t\t\t<span class=\"elementor-button-text\">CARTA EN PDF<\/span>\n\t\t\t\t\t<\/span>\n\t\t\t\t\t<\/a>\n\t\t\t\t<\/div>\n\t\t\t\t\t\t\t\t<\/div>\n\t\t\t\t<\/div>\n\t\t\t\t\t<\/div>\n\t\t\t\t<\/div>\n\t\t\t\t<\/div>\n\t\t","protected":false},"excerpt":{"rendered":"<p>ENTRADAS Coctel de camar\u00f3n 150g de camar\u00f3n frescopreparado con salsas zafr\u00e1n, y especias. Chicharroncitos 150g de panceta cerdo con yuca alvapor y salsa de la casa. Chinchulines 200g de chunchulla de res con yuca alvapor y salsa de la casa. Chorizos 120g de chorizo Artesanal con yuca alvapor y salsa de la casa CARTA EN [&hellip;]<\/p>\n","protected":false},"author":1,"featured_media":0,"parent":0,"menu_order":0,"comment_status":"closed","ping_status":"closed","template":"","meta":{"site-sidebar-layout":"no-sidebar","site-content-layout":"page-builder","ast-site-content-layout":"full-width-container","site-content-style":"default","site-sidebar-style":"default","ast-global-header-display":"","ast-banner-title-visibility":"","ast-main-header-display":"","ast-hfb-above-header-display":"","ast-hfb-below-header-display":"","ast-hfb-mobile-header-display":"","site-post-title":"disabled","ast-breadcrumbs-content":"","ast-featured-img":"disabled","footer-sml-layout":"","theme-transparent-header-meta":"","adv-header-id-meta":"","stick-header-meta":"","header-above-stick-meta":"","header-main-stick-meta":"","header-below-stick-meta":"","astra-migrate-meta-layouts":"set","ast-page-background-enabled":"default","ast-page-background-meta":{"desktop":{"background-color":"var(--ast-global-color-4)","background-image":"","background-repeat":"repeat","background-position":"center center","background-size":"auto","background-attachment":"scroll","background-type":"","background-media":"","overlay-type":"","overlay-color":"","overlay-opacity":"","overlay-gradient":""},"tablet":{"background-color":"","background-image":"","background-repeat":"repeat","background-position":"center center","background-size":"auto","background-attachment":"scroll","background-type":"","background-media":"","overlay-type":"","overlay-color":"","overlay-opacity":"","overlay-gradient":""},"mobile":{"background-color":"","background-image":"","background-repeat":"repeat","background-position":"center center","background-size":"auto","background-attachment":"scroll","background-type":"","background-media":"","overlay-type":"","overlay-color":"","overlay-opacity":"","overlay-gradient":""}},"ast-content-background-meta":{"desktop":{"background-color":"var(--ast-global-color-5)","background-image":"","background-repeat":"repeat","background-position":"center center","background-size":"auto","background-attachment":"scroll","background-type":"","background-media":"","overlay-type":"","overlay-color":"","overlay-opacity":"","overlay-gradient":""},"tablet":{"background-color":"var(--ast-global-color-5)","background-image":"","background-repeat":"repeat","background-position":"center center","background-size":"auto","background-attachment":"scroll","background-type":"","background-media":"","overlay-type":"","overlay-color":"","overlay-opacity":"","overlay-gradient":""},"mobile":{"background-color":"var(--ast-global-color-5)","background-image":"","background-repeat":"repeat","background-position":"center center","background-size":"auto","background-attachment":"scroll","background-type":"","background-media":"","overlay-type":"","overlay-color":"","overlay-opacity":"","overlay-gradient":""}},"footnotes":""},"class_list":["post-2172","page","type-page","status-publish","hentry"],"_links":{"self":[{"href":"https:\/\/lacabanamiraflores.com\/inicio\/wp-json\/wp\/v2\/pages\/2172","targetHints":{"allow":["GET"]}}],"collection":[{"href":"https:\/\/lacabanamiraflores.com\/inicio\/wp-json\/wp\/v2\/pages"}],"about":[{"href":"https:\/\/lacabanamiraflores.com\/inicio\/wp-json\/wp\/v2\/types\/page"}],"author":[{"embeddable":true,"href":"https:\/\/lacabanamiraflores.com\/inicio\/wp-json\/wp\/v2\/users\/1"}],"replies":[{"embeddable":true,"href":"https:\/\/lacabanamiraflores.com\/inicio\/wp-json\/wp\/v2\/comments?post=2172"}],"version-history":[{"count":37,"href":"https:\/\/lacabanamiraflores.com\/inicio\/wp-json\/wp\/v2\/pages\/2172\/revisions"}],"predecessor-version":[{"id":2607,"href":"https:\/\/lacabanamiraflores.com\/inicio\/wp-json\/wp\/v2\/pages\/2172\/revisions\/2607"}],"wp:attachment":[{"href":"https:\/\/lacabanamiraflores.com\/inicio\/wp-json\/wp\/v2\/media?parent=2172"}],"curies":[{"name":"wp","href":"https:\/\/api.w.org\/{rel}","templated":true}]}}