{"id":2325,"date":"2025-01-22T22:24:38","date_gmt":"2025-01-22T22:24:38","guid":{"rendered":"https:\/\/lacabanamiraflores.com\/inicio\/?page_id=2325"},"modified":"2025-11-07T15:23:52","modified_gmt":"2025-11-07T15:23:52","slug":"postres","status":"publish","type":"page","link":"https:\/\/lacabanamiraflores.com\/inicio\/postres\/","title":{"rendered":"postres"},"content":{"rendered":"\t\t<div data-elementor-type=\"wp-page\" data-elementor-id=\"2325\" class=\"elementor elementor-2325\">\n\t\t\t\t<div class=\"elementor-element elementor-element-26628c5 e-flex e-con-boxed e-con e-parent\" data-id=\"26628c5\" data-element_type=\"container\" data-settings=\"{&quot;background_background&quot;:&quot;classic&quot;}\">\n\t\t\t\t\t<div class=\"e-con-inner\">\n\t\t\t\t<div class=\"elementor-element elementor-element-ecb39e1 elementor-widget elementor-widget-heading\" data-id=\"ecb39e1\" data-element_type=\"widget\" data-widget_type=\"heading.default\">\n\t\t\t\t<div class=\"elementor-widget-container\">\n\t\t\t\t\t<h2 class=\"elementor-heading-title elementor-size-default\">POSTRES Y HELADOS<\/h2>\t\t\t\t<\/div>\n\t\t\t\t<\/div>\n\t\t\t\t<div class=\"elementor-element elementor-element-918a51d elementor-widget elementor-widget-image\" data-id=\"918a51d\" data-element_type=\"widget\" data-widget_type=\"image.default\">\n\t\t\t\t<div class=\"elementor-widget-container\">\n\t\t\t\t\t\t\t\t\t\t\t\t\t\t\t<img fetchpriority=\"high\" decoding=\"async\" width=\"1024\" height=\"84\" src=\"https:\/\/lacabanamiraflores.com\/inicio\/wp-content\/uploads\/2025\/01\/Recurso-64LaCabana-1024x84.png\" class=\"attachment-large size-large wp-image-2238\" alt=\"\" srcset=\"https:\/\/lacabanamiraflores.com\/inicio\/wp-content\/uploads\/2025\/01\/Recurso-64LaCabana-1024x84.png 1024w, https:\/\/lacabanamiraflores.com\/inicio\/wp-content\/uploads\/2025\/01\/Recurso-64LaCabana-300x25.png 300w, https:\/\/lacabanamiraflores.com\/inicio\/wp-content\/uploads\/2025\/01\/Recurso-64LaCabana-768x63.png 768w, https:\/\/lacabanamiraflores.com\/inicio\/wp-content\/uploads\/2025\/01\/Recurso-64LaCabana-1536x126.png 1536w, https:\/\/lacabanamiraflores.com\/inicio\/wp-content\/uploads\/2025\/01\/Recurso-64LaCabana-600x49.png 600w, https:\/\/lacabanamiraflores.com\/inicio\/wp-content\/uploads\/2025\/01\/Recurso-64LaCabana.png 1859w\" sizes=\"(max-width: 1024px) 100vw, 1024px\" \/>\t\t\t\t\t\t\t\t\t\t\t\t\t\t\t<\/div>\n\t\t\t\t<\/div>\n\t\t\t\t<div class=\"elementor-element elementor-element-1f28f58 elementor-widget elementor-widget-image\" data-id=\"1f28f58\" data-element_type=\"widget\" data-widget_type=\"image.default\">\n\t\t\t\t<div class=\"elementor-widget-container\">\n\t\t\t\t\t\t\t\t\t\t\t\t\t\t\t<img decoding=\"async\" width=\"240\" height=\"300\" src=\"https:\/\/lacabanamiraflores.com\/inicio\/wp-content\/uploads\/2025\/01\/18-DSC00062-240x300.jpg\" class=\"attachment-medium size-medium wp-image-2327\" alt=\"\" srcset=\"https:\/\/lacabanamiraflores.com\/inicio\/wp-content\/uploads\/2025\/01\/18-DSC00062-240x300.jpg 240w, https:\/\/lacabanamiraflores.com\/inicio\/wp-content\/uploads\/2025\/01\/18-DSC00062-819x1024.jpg 819w, https:\/\/lacabanamiraflores.com\/inicio\/wp-content\/uploads\/2025\/01\/18-DSC00062-768x960.jpg 768w, https:\/\/lacabanamiraflores.com\/inicio\/wp-content\/uploads\/2025\/01\/18-DSC00062-1228x1536.jpg 1228w, https:\/\/lacabanamiraflores.com\/inicio\/wp-content\/uploads\/2025\/01\/18-DSC00062-1638x2048.jpg 1638w, https:\/\/lacabanamiraflores.com\/inicio\/wp-content\/uploads\/2025\/01\/18-DSC00062-600x750.jpg 600w, https:\/\/lacabanamiraflores.com\/inicio\/wp-content\/uploads\/2025\/01\/18-DSC00062-scaled-e1737584308942.jpg 1000w\" sizes=\"(max-width: 240px) 100vw, 240px\" \/>\t\t\t\t\t\t\t\t\t\t\t\t\t\t\t<\/div>\n\t\t\t\t<\/div>\n\t\t\t\t<div class=\"elementor-element elementor-element-41f8739 elementor-widget elementor-widget-heading\" data-id=\"41f8739\" data-element_type=\"widget\" data-widget_type=\"heading.default\">\n\t\t\t\t<div class=\"elementor-widget-container\">\n\t\t\t\t\t<h2 class=\"elementor-heading-title elementor-size-default\">Postre del d\u00eda<\/h2>\t\t\t\t<\/div>\n\t\t\t\t<\/div>\n\t\t\t\t<div class=\"elementor-element elementor-element-50c44e1 elementor-widget elementor-widget-image\" data-id=\"50c44e1\" data-element_type=\"widget\" data-widget_type=\"image.default\">\n\t\t\t\t<div class=\"elementor-widget-container\">\n\t\t\t\t\t\t\t\t\t\t\t\t\t\t\t<img fetchpriority=\"high\" decoding=\"async\" width=\"1024\" height=\"84\" src=\"https:\/\/lacabanamiraflores.com\/inicio\/wp-content\/uploads\/2025\/01\/Recurso-64LaCabana-1024x84.png\" class=\"attachment-large size-large wp-image-2238\" alt=\"\" srcset=\"https:\/\/lacabanamiraflores.com\/inicio\/wp-content\/uploads\/2025\/01\/Recurso-64LaCabana-1024x84.png 1024w, https:\/\/lacabanamiraflores.com\/inicio\/wp-content\/uploads\/2025\/01\/Recurso-64LaCabana-300x25.png 300w, https:\/\/lacabanamiraflores.com\/inicio\/wp-content\/uploads\/2025\/01\/Recurso-64LaCabana-768x63.png 768w, https:\/\/lacabanamiraflores.com\/inicio\/wp-content\/uploads\/2025\/01\/Recurso-64LaCabana-1536x126.png 1536w, https:\/\/lacabanamiraflores.com\/inicio\/wp-content\/uploads\/2025\/01\/Recurso-64LaCabana-600x49.png 600w, https:\/\/lacabanamiraflores.com\/inicio\/wp-content\/uploads\/2025\/01\/Recurso-64LaCabana.png 1859w\" sizes=\"(max-width: 1024px) 100vw, 1024px\" \/>\t\t\t\t\t\t\t\t\t\t\t\t\t\t\t<\/div>\n\t\t\t\t<\/div>\n\t\t\t\t<div class=\"elementor-element elementor-element-a30a95d elementor-widget elementor-widget-image\" data-id=\"a30a95d\" data-element_type=\"widget\" data-widget_type=\"image.default\">\n\t\t\t\t<div class=\"elementor-widget-container\">\n\t\t\t\t\t\t\t\t\t\t\t\t\t\t\t<img decoding=\"async\" width=\"240\" height=\"300\" src=\"https:\/\/lacabanamiraflores.com\/inicio\/wp-content\/uploads\/2025\/11\/114-DSC06204-scaled-e1762529016245-240x300.jpg\" class=\"attachment-medium size-medium wp-image-2624\" alt=\"\" srcset=\"https:\/\/lacabanamiraflores.com\/inicio\/wp-content\/uploads\/2025\/11\/114-DSC06204-scaled-e1762529016245-240x300.jpg 240w, https:\/\/lacabanamiraflores.com\/inicio\/wp-content\/uploads\/2025\/11\/114-DSC06204-scaled-e1762529016245-819x1024.jpg 819w, https:\/\/lacabanamiraflores.com\/inicio\/wp-content\/uploads\/2025\/11\/114-DSC06204-scaled-e1762529016245-768x960.jpg 768w, https:\/\/lacabanamiraflores.com\/inicio\/wp-content\/uploads\/2025\/11\/114-DSC06204-scaled-e1762529016245-600x750.jpg 600w, https:\/\/lacabanamiraflores.com\/inicio\/wp-content\/uploads\/2025\/11\/114-DSC06204-scaled-e1762529016245.jpg 1000w\" sizes=\"(max-width: 240px) 100vw, 240px\" \/>\t\t\t\t\t\t\t\t\t\t\t\t\t\t\t<\/div>\n\t\t\t\t<\/div>\n\t\t\t\t<div class=\"elementor-element elementor-element-2c9463b elementor-widget elementor-widget-heading\" data-id=\"2c9463b\" data-element_type=\"widget\" data-widget_type=\"heading.default\">\n\t\t\t\t<div class=\"elementor-widget-container\">\n\t\t\t\t\t<h2 class=\"elementor-heading-title elementor-size-default\">Hojaldre<\/h2>\t\t\t\t<\/div>\n\t\t\t\t<\/div>\n\t\t\t\t<div class=\"elementor-element elementor-element-a97e5fc elementor-widget elementor-widget-image\" data-id=\"a97e5fc\" data-element_type=\"widget\" data-widget_type=\"image.default\">\n\t\t\t\t<div class=\"elementor-widget-container\">\n\t\t\t\t\t\t\t\t\t\t\t\t\t\t\t<img fetchpriority=\"high\" decoding=\"async\" width=\"1024\" height=\"84\" src=\"https:\/\/lacabanamiraflores.com\/inicio\/wp-content\/uploads\/2025\/01\/Recurso-64LaCabana-1024x84.png\" class=\"attachment-large size-large wp-image-2238\" alt=\"\" srcset=\"https:\/\/lacabanamiraflores.com\/inicio\/wp-content\/uploads\/2025\/01\/Recurso-64LaCabana-1024x84.png 1024w, https:\/\/lacabanamiraflores.com\/inicio\/wp-content\/uploads\/2025\/01\/Recurso-64LaCabana-300x25.png 300w, https:\/\/lacabanamiraflores.com\/inicio\/wp-content\/uploads\/2025\/01\/Recurso-64LaCabana-768x63.png 768w, https:\/\/lacabanamiraflores.com\/inicio\/wp-content\/uploads\/2025\/01\/Recurso-64LaCabana-1536x126.png 1536w, https:\/\/lacabanamiraflores.com\/inicio\/wp-content\/uploads\/2025\/01\/Recurso-64LaCabana-600x49.png 600w, https:\/\/lacabanamiraflores.com\/inicio\/wp-content\/uploads\/2025\/01\/Recurso-64LaCabana.png 1859w\" sizes=\"(max-width: 1024px) 100vw, 1024px\" \/>\t\t\t\t\t\t\t\t\t\t\t\t\t\t\t<\/div>\n\t\t\t\t<\/div>\n\t\t\t\t<div class=\"elementor-element elementor-element-3cd01f2 elementor-widget elementor-widget-image\" data-id=\"3cd01f2\" data-element_type=\"widget\" data-widget_type=\"image.default\">\n\t\t\t\t<div class=\"elementor-widget-container\">\n\t\t\t\t\t\t\t\t\t\t\t\t\t\t\t<img loading=\"lazy\" decoding=\"async\" width=\"240\" height=\"300\" src=\"https:\/\/lacabanamiraflores.com\/inicio\/wp-content\/uploads\/2025\/01\/77-DSC09859-240x300.jpg\" class=\"attachment-medium size-medium wp-image-2328\" alt=\"\" srcset=\"https:\/\/lacabanamiraflores.com\/inicio\/wp-content\/uploads\/2025\/01\/77-DSC09859-240x300.jpg 240w, https:\/\/lacabanamiraflores.com\/inicio\/wp-content\/uploads\/2025\/01\/77-DSC09859-819x1024.jpg 819w, https:\/\/lacabanamiraflores.com\/inicio\/wp-content\/uploads\/2025\/01\/77-DSC09859-768x960.jpg 768w, https:\/\/lacabanamiraflores.com\/inicio\/wp-content\/uploads\/2025\/01\/77-DSC09859-1228x1536.jpg 1228w, https:\/\/lacabanamiraflores.com\/inicio\/wp-content\/uploads\/2025\/01\/77-DSC09859-1638x2048.jpg 1638w, https:\/\/lacabanamiraflores.com\/inicio\/wp-content\/uploads\/2025\/01\/77-DSC09859-600x750.jpg 600w, https:\/\/lacabanamiraflores.com\/inicio\/wp-content\/uploads\/2025\/01\/77-DSC09859-scaled-e1737584424513.jpg 1000w\" sizes=\"(max-width: 240px) 100vw, 240px\" \/>\t\t\t\t\t\t\t\t\t\t\t\t\t\t\t<\/div>\n\t\t\t\t<\/div>\n\t\t\t\t<div class=\"elementor-element elementor-element-65bd8c0 elementor-widget elementor-widget-heading\" data-id=\"65bd8c0\" data-element_type=\"widget\" data-widget_type=\"heading.default\">\n\t\t\t\t<div class=\"elementor-widget-container\">\n\t\t\t\t\t<h2 class=\"elementor-heading-title elementor-size-default\">Copa frutos rojos<\/h2>\t\t\t\t<\/div>\n\t\t\t\t<\/div>\n\t\t\t\t<div class=\"elementor-element elementor-element-7a01432 elementor-widget elementor-widget-text-editor\" data-id=\"7a01432\" data-element_type=\"widget\" data-widget_type=\"text-editor.default\">\n\t\t\t\t<div class=\"elementor-widget-container\">\n\t\t\t\t\t\t\t\t\t<p style=\"text-align: center;\">Helado de mora, Vainilla, salsa de<br \/>frutos rojos y chantill\u00ed<\/p>\t\t\t\t\t\t\t\t<\/div>\n\t\t\t\t<\/div>\n\t\t\t\t<div class=\"elementor-element elementor-element-5beedac elementor-widget elementor-widget-image\" data-id=\"5beedac\" data-element_type=\"widget\" data-widget_type=\"image.default\">\n\t\t\t\t<div class=\"elementor-widget-container\">\n\t\t\t\t\t\t\t\t\t\t\t\t\t\t\t<img fetchpriority=\"high\" decoding=\"async\" width=\"1024\" height=\"84\" src=\"https:\/\/lacabanamiraflores.com\/inicio\/wp-content\/uploads\/2025\/01\/Recurso-64LaCabana-1024x84.png\" class=\"attachment-large size-large wp-image-2238\" alt=\"\" srcset=\"https:\/\/lacabanamiraflores.com\/inicio\/wp-content\/uploads\/2025\/01\/Recurso-64LaCabana-1024x84.png 1024w, https:\/\/lacabanamiraflores.com\/inicio\/wp-content\/uploads\/2025\/01\/Recurso-64LaCabana-300x25.png 300w, https:\/\/lacabanamiraflores.com\/inicio\/wp-content\/uploads\/2025\/01\/Recurso-64LaCabana-768x63.png 768w, https:\/\/lacabanamiraflores.com\/inicio\/wp-content\/uploads\/2025\/01\/Recurso-64LaCabana-1536x126.png 1536w, https:\/\/lacabanamiraflores.com\/inicio\/wp-content\/uploads\/2025\/01\/Recurso-64LaCabana-600x49.png 600w, https:\/\/lacabanamiraflores.com\/inicio\/wp-content\/uploads\/2025\/01\/Recurso-64LaCabana.png 1859w\" sizes=\"(max-width: 1024px) 100vw, 1024px\" \/>\t\t\t\t\t\t\t\t\t\t\t\t\t\t\t<\/div>\n\t\t\t\t<\/div>\n\t\t\t\t<div class=\"elementor-element elementor-element-3dd0f10 elementor-widget elementor-widget-image\" data-id=\"3dd0f10\" data-element_type=\"widget\" data-widget_type=\"image.default\">\n\t\t\t\t<div class=\"elementor-widget-container\">\n\t\t\t\t\t\t\t\t\t\t\t\t\t\t\t<img loading=\"lazy\" decoding=\"async\" width=\"240\" height=\"300\" src=\"https:\/\/lacabanamiraflores.com\/inicio\/wp-content\/uploads\/2025\/01\/74-DSC09867-240x300.jpg\" class=\"attachment-medium size-medium wp-image-2329\" alt=\"\" srcset=\"https:\/\/lacabanamiraflores.com\/inicio\/wp-content\/uploads\/2025\/01\/74-DSC09867-240x300.jpg 240w, https:\/\/lacabanamiraflores.com\/inicio\/wp-content\/uploads\/2025\/01\/74-DSC09867-819x1024.jpg 819w, https:\/\/lacabanamiraflores.com\/inicio\/wp-content\/uploads\/2025\/01\/74-DSC09867-768x960.jpg 768w, https:\/\/lacabanamiraflores.com\/inicio\/wp-content\/uploads\/2025\/01\/74-DSC09867-1229x1536.jpg 1229w, https:\/\/lacabanamiraflores.com\/inicio\/wp-content\/uploads\/2025\/01\/74-DSC09867-1638x2048.jpg 1638w, https:\/\/lacabanamiraflores.com\/inicio\/wp-content\/uploads\/2025\/01\/74-DSC09867-600x750.jpg 600w, https:\/\/lacabanamiraflores.com\/inicio\/wp-content\/uploads\/2025\/01\/74-DSC09867-scaled-e1737584509849.jpg 1000w\" sizes=\"(max-width: 240px) 100vw, 240px\" \/>\t\t\t\t\t\t\t\t\t\t\t\t\t\t\t<\/div>\n\t\t\t\t<\/div>\n\t\t\t\t<div class=\"elementor-element elementor-element-257179f elementor-widget elementor-widget-heading\" data-id=\"257179f\" data-element_type=\"widget\" data-widget_type=\"heading.default\">\n\t\t\t\t<div class=\"elementor-widget-container\">\n\t\t\t\t\t<h2 class=\"elementor-heading-title elementor-size-default\">Copa de chocolate<\/h2>\t\t\t\t<\/div>\n\t\t\t\t<\/div>\n\t\t\t\t<div class=\"elementor-element elementor-element-6d13072 elementor-widget elementor-widget-text-editor\" data-id=\"6d13072\" data-element_type=\"widget\" data-widget_type=\"text-editor.default\">\n\t\t\t\t<div class=\"elementor-widget-container\">\n\t\t\t\t\t\t\t\t\t<p style=\"text-align: center;\">Helado de chocolate, brownie,<br \/>salsa de chocolate y chantill\u00ed<\/p>\t\t\t\t\t\t\t\t<\/div>\n\t\t\t\t<\/div>\n\t\t\t\t<div class=\"elementor-element elementor-element-29f6e3b elementor-widget elementor-widget-image\" data-id=\"29f6e3b\" data-element_type=\"widget\" data-widget_type=\"image.default\">\n\t\t\t\t<div class=\"elementor-widget-container\">\n\t\t\t\t\t\t\t\t\t\t\t\t\t\t\t<img fetchpriority=\"high\" decoding=\"async\" width=\"1024\" height=\"84\" src=\"https:\/\/lacabanamiraflores.com\/inicio\/wp-content\/uploads\/2025\/01\/Recurso-64LaCabana-1024x84.png\" class=\"attachment-large size-large wp-image-2238\" alt=\"\" srcset=\"https:\/\/lacabanamiraflores.com\/inicio\/wp-content\/uploads\/2025\/01\/Recurso-64LaCabana-1024x84.png 1024w, https:\/\/lacabanamiraflores.com\/inicio\/wp-content\/uploads\/2025\/01\/Recurso-64LaCabana-300x25.png 300w, https:\/\/lacabanamiraflores.com\/inicio\/wp-content\/uploads\/2025\/01\/Recurso-64LaCabana-768x63.png 768w, https:\/\/lacabanamiraflores.com\/inicio\/wp-content\/uploads\/2025\/01\/Recurso-64LaCabana-1536x126.png 1536w, https:\/\/lacabanamiraflores.com\/inicio\/wp-content\/uploads\/2025\/01\/Recurso-64LaCabana-600x49.png 600w, https:\/\/lacabanamiraflores.com\/inicio\/wp-content\/uploads\/2025\/01\/Recurso-64LaCabana.png 1859w\" sizes=\"(max-width: 1024px) 100vw, 1024px\" \/>\t\t\t\t\t\t\t\t\t\t\t\t\t\t\t<\/div>\n\t\t\t\t<\/div>\n\t\t\t\t<div class=\"elementor-element elementor-element-cfbb35c elementor-widget elementor-widget-image\" data-id=\"cfbb35c\" data-element_type=\"widget\" data-widget_type=\"image.default\">\n\t\t\t\t<div class=\"elementor-widget-container\">\n\t\t\t\t\t\t\t\t\t\t\t\t\t\t\t<img loading=\"lazy\" decoding=\"async\" width=\"240\" height=\"300\" src=\"https:\/\/lacabanamiraflores.com\/inicio\/wp-content\/uploads\/2025\/01\/71-DSC09879-240x300.jpg\" class=\"attachment-medium size-medium wp-image-2330\" alt=\"\" srcset=\"https:\/\/lacabanamiraflores.com\/inicio\/wp-content\/uploads\/2025\/01\/71-DSC09879-240x300.jpg 240w, https:\/\/lacabanamiraflores.com\/inicio\/wp-content\/uploads\/2025\/01\/71-DSC09879-819x1024.jpg 819w, https:\/\/lacabanamiraflores.com\/inicio\/wp-content\/uploads\/2025\/01\/71-DSC09879-768x961.jpg 768w, https:\/\/lacabanamiraflores.com\/inicio\/wp-content\/uploads\/2025\/01\/71-DSC09879-1228x1536.jpg 1228w, https:\/\/lacabanamiraflores.com\/inicio\/wp-content\/uploads\/2025\/01\/71-DSC09879-1638x2048.jpg 1638w, https:\/\/lacabanamiraflores.com\/inicio\/wp-content\/uploads\/2025\/01\/71-DSC09879-600x750.jpg 600w, https:\/\/lacabanamiraflores.com\/inicio\/wp-content\/uploads\/2025\/01\/71-DSC09879-scaled-e1737584616554.jpg 1000w\" sizes=\"(max-width: 240px) 100vw, 240px\" \/>\t\t\t\t\t\t\t\t\t\t\t\t\t\t\t<\/div>\n\t\t\t\t<\/div>\n\t\t\t\t<div class=\"elementor-element elementor-element-351e2fe elementor-widget elementor-widget-heading\" data-id=\"351e2fe\" data-element_type=\"widget\" data-widget_type=\"heading.default\">\n\t\t\t\t<div class=\"elementor-widget-container\">\n\t\t\t\t\t<h2 class=\"elementor-heading-title elementor-size-default\">Copa Maracuy\u00e1<\/h2>\t\t\t\t<\/div>\n\t\t\t\t<\/div>\n\t\t\t\t<div class=\"elementor-element elementor-element-0bbfcef elementor-widget elementor-widget-text-editor\" data-id=\"0bbfcef\" data-element_type=\"widget\" data-widget_type=\"text-editor.default\">\n\t\t\t\t<div class=\"elementor-widget-container\">\n\t\t\t\t\t\t\t\t\t<p style=\"text-align: center;\">Helado de maracuy\u00e1, vainilla,<br \/>salsa de maracuy\u00e1 y chantill\u00ed<\/p>\t\t\t\t\t\t\t\t<\/div>\n\t\t\t\t<\/div>\n\t\t\t\t<div class=\"elementor-element elementor-element-df00788 elementor-widget elementor-widget-image\" data-id=\"df00788\" data-element_type=\"widget\" data-widget_type=\"image.default\">\n\t\t\t\t<div class=\"elementor-widget-container\">\n\t\t\t\t\t\t\t\t\t\t\t\t\t\t\t<img fetchpriority=\"high\" decoding=\"async\" width=\"1024\" height=\"84\" src=\"https:\/\/lacabanamiraflores.com\/inicio\/wp-content\/uploads\/2025\/01\/Recurso-64LaCabana-1024x84.png\" class=\"attachment-large size-large wp-image-2238\" alt=\"\" srcset=\"https:\/\/lacabanamiraflores.com\/inicio\/wp-content\/uploads\/2025\/01\/Recurso-64LaCabana-1024x84.png 1024w, https:\/\/lacabanamiraflores.com\/inicio\/wp-content\/uploads\/2025\/01\/Recurso-64LaCabana-300x25.png 300w, https:\/\/lacabanamiraflores.com\/inicio\/wp-content\/uploads\/2025\/01\/Recurso-64LaCabana-768x63.png 768w, https:\/\/lacabanamiraflores.com\/inicio\/wp-content\/uploads\/2025\/01\/Recurso-64LaCabana-1536x126.png 1536w, https:\/\/lacabanamiraflores.com\/inicio\/wp-content\/uploads\/2025\/01\/Recurso-64LaCabana-600x49.png 600w, https:\/\/lacabanamiraflores.com\/inicio\/wp-content\/uploads\/2025\/01\/Recurso-64LaCabana.png 1859w\" sizes=\"(max-width: 1024px) 100vw, 1024px\" \/>\t\t\t\t\t\t\t\t\t\t\t\t\t\t\t<\/div>\n\t\t\t\t<\/div>\n\t\t\t\t<div class=\"elementor-element elementor-element-e75ff5f elementor-widget elementor-widget-heading\" data-id=\"e75ff5f\" data-element_type=\"widget\" data-widget_type=\"heading.default\">\n\t\t\t\t<div class=\"elementor-widget-container\">\n\t\t\t\t\t<h2 class=\"elementor-heading-title elementor-size-default\">Copa napolitana<\/h2>\t\t\t\t<\/div>\n\t\t\t\t<\/div>\n\t\t\t\t<div class=\"elementor-element elementor-element-b86fc32 elementor-widget elementor-widget-text-editor\" data-id=\"b86fc32\" data-element_type=\"widget\" data-widget_type=\"text-editor.default\">\n\t\t\t\t<div class=\"elementor-widget-container\">\n\t\t\t\t\t\t\t\t\t<p style=\"text-align: center;\">Helado de frutos rojos, vainilla,<br \/>chocolate, salsa de frutos rojos y<br \/>chantill\u00ed<\/p>\t\t\t\t\t\t\t\t<\/div>\n\t\t\t\t<\/div>\n\t\t\t\t<div class=\"elementor-element elementor-element-b7785ba elementor-widget elementor-widget-image\" data-id=\"b7785ba\" data-element_type=\"widget\" data-widget_type=\"image.default\">\n\t\t\t\t<div class=\"elementor-widget-container\">\n\t\t\t\t\t\t\t\t\t\t\t\t\t\t\t<img fetchpriority=\"high\" decoding=\"async\" width=\"1024\" height=\"84\" src=\"https:\/\/lacabanamiraflores.com\/inicio\/wp-content\/uploads\/2025\/01\/Recurso-64LaCabana-1024x84.png\" class=\"attachment-large size-large wp-image-2238\" alt=\"\" srcset=\"https:\/\/lacabanamiraflores.com\/inicio\/wp-content\/uploads\/2025\/01\/Recurso-64LaCabana-1024x84.png 1024w, https:\/\/lacabanamiraflores.com\/inicio\/wp-content\/uploads\/2025\/01\/Recurso-64LaCabana-300x25.png 300w, https:\/\/lacabanamiraflores.com\/inicio\/wp-content\/uploads\/2025\/01\/Recurso-64LaCabana-768x63.png 768w, https:\/\/lacabanamiraflores.com\/inicio\/wp-content\/uploads\/2025\/01\/Recurso-64LaCabana-1536x126.png 1536w, https:\/\/lacabanamiraflores.com\/inicio\/wp-content\/uploads\/2025\/01\/Recurso-64LaCabana-600x49.png 600w, https:\/\/lacabanamiraflores.com\/inicio\/wp-content\/uploads\/2025\/01\/Recurso-64LaCabana.png 1859w\" sizes=\"(max-width: 1024px) 100vw, 1024px\" \/>\t\t\t\t\t\t\t\t\t\t\t\t\t\t\t<\/div>\n\t\t\t\t<\/div>\n\t\t\t\t<div class=\"elementor-element elementor-element-017d0a5 elementor-widget elementor-widget-heading\" data-id=\"017d0a5\" data-element_type=\"widget\" data-widget_type=\"heading.default\">\n\t\t\t\t<div class=\"elementor-widget-container\">\n\t\t\t\t\t<h2 class=\"elementor-heading-title elementor-size-default\">Copa Sencilla de helado<\/h2>\t\t\t\t<\/div>\n\t\t\t\t<\/div>\n\t\t\t\t<div class=\"elementor-element elementor-element-0d11d86 elementor-widget elementor-widget-image\" data-id=\"0d11d86\" data-element_type=\"widget\" data-widget_type=\"image.default\">\n\t\t\t\t<div class=\"elementor-widget-container\">\n\t\t\t\t\t\t\t\t\t\t\t\t\t\t\t<img fetchpriority=\"high\" decoding=\"async\" width=\"1024\" height=\"84\" src=\"https:\/\/lacabanamiraflores.com\/inicio\/wp-content\/uploads\/2025\/01\/Recurso-64LaCabana-1024x84.png\" class=\"attachment-large size-large wp-image-2238\" alt=\"\" srcset=\"https:\/\/lacabanamiraflores.com\/inicio\/wp-content\/uploads\/2025\/01\/Recurso-64LaCabana-1024x84.png 1024w, https:\/\/lacabanamiraflores.com\/inicio\/wp-content\/uploads\/2025\/01\/Recurso-64LaCabana-300x25.png 300w, https:\/\/lacabanamiraflores.com\/inicio\/wp-content\/uploads\/2025\/01\/Recurso-64LaCabana-768x63.png 768w, https:\/\/lacabanamiraflores.com\/inicio\/wp-content\/uploads\/2025\/01\/Recurso-64LaCabana-1536x126.png 1536w, https:\/\/lacabanamiraflores.com\/inicio\/wp-content\/uploads\/2025\/01\/Recurso-64LaCabana-600x49.png 600w, https:\/\/lacabanamiraflores.com\/inicio\/wp-content\/uploads\/2025\/01\/Recurso-64LaCabana.png 1859w\" sizes=\"(max-width: 1024px) 100vw, 1024px\" \/>\t\t\t\t\t\t\t\t\t\t\t\t\t\t\t<\/div>\n\t\t\t\t<\/div>\n\t\t\t\t<div class=\"elementor-element elementor-element-2b84f47 elementor-mobile-align-center elementor-widget elementor-widget-button\" data-id=\"2b84f47\" data-element_type=\"widget\" data-widget_type=\"button.default\">\n\t\t\t\t<div class=\"elementor-widget-container\">\n\t\t\t\t\t\t\t\t\t<div class=\"elementor-button-wrapper\">\n\t\t\t\t\t<a class=\"elementor-button elementor-button-link elementor-size-sm\" href=\"https:\/\/drive.google.com\/drive\/folders\/1VkxDUyw7jnIckUq5ETwrDsHInzM0-Om3?usp=drive_link\">\n\t\t\t\t\t\t<span class=\"elementor-button-content-wrapper\">\n\t\t\t\t\t\t\t\t\t<span class=\"elementor-button-text\">CARTA EN PDF<\/span>\n\t\t\t\t\t<\/span>\n\t\t\t\t\t<\/a>\n\t\t\t\t<\/div>\n\t\t\t\t\t\t\t\t<\/div>\n\t\t\t\t<\/div>\n\t\t\t\t\t<\/div>\n\t\t\t\t<\/div>\n\t\t\t\t<\/div>\n\t\t","protected":false},"excerpt":{"rendered":"<p>POSTRES Y HELADOS Postre del d\u00eda Hojaldre Copa frutos rojos Helado de mora, Vainilla, salsa defrutos rojos y chantill\u00ed Copa de chocolate Helado de chocolate, brownie,salsa de chocolate y chantill\u00ed Copa Maracuy\u00e1 Helado de maracuy\u00e1, vainilla,salsa de maracuy\u00e1 y chantill\u00ed Copa napolitana Helado de frutos rojos, vainilla,chocolate, salsa de frutos rojos ychantill\u00ed Copa Sencilla de [&hellip;]<\/p>\n","protected":false},"author":1,"featured_media":0,"parent":0,"menu_order":0,"comment_status":"closed","ping_status":"closed","template":"","meta":{"site-sidebar-layout":"no-sidebar","site-content-layout":"page-builder","ast-site-content-layout":"full-width-container","site-content-style":"default","site-sidebar-style":"default","ast-global-header-display":"","ast-banner-title-visibility":"","ast-main-header-display":"","ast-hfb-above-header-display":"","ast-hfb-below-header-display":"","ast-hfb-mobile-header-display":"","site-post-title":"disabled","ast-breadcrumbs-content":"","ast-featured-img":"disabled","footer-sml-layout":"","theme-transparent-header-meta":"","adv-header-id-meta":"","stick-header-meta":"","header-above-stick-meta":"","header-main-stick-meta":"","header-below-stick-meta":"","astra-migrate-meta-layouts":"set","ast-page-background-enabled":"default","ast-page-background-meta":{"desktop":{"background-color":"var(--ast-global-color-4)","background-image":"","background-repeat":"repeat","background-position":"center center","background-size":"auto","background-attachment":"scroll","background-type":"","background-media":"","overlay-type":"","overlay-color":"","overlay-opacity":"","overlay-gradient":""},"tablet":{"background-color":"","background-image":"","background-repeat":"repeat","background-position":"center center","background-size":"auto","background-attachment":"scroll","background-type":"","background-media":"","overlay-type":"","overlay-color":"","overlay-opacity":"","overlay-gradient":""},"mobile":{"background-color":"","background-image":"","background-repeat":"repeat","background-position":"center center","background-size":"auto","background-attachment":"scroll","background-type":"","background-media":"","overlay-type":"","overlay-color":"","overlay-opacity":"","overlay-gradient":""}},"ast-content-background-meta":{"desktop":{"background-color":"var(--ast-global-color-5)","background-image":"","background-repeat":"repeat","background-position":"center center","background-size":"auto","background-attachment":"scroll","background-type":"","background-media":"","overlay-type":"","overlay-color":"","overlay-opacity":"","overlay-gradient":""},"tablet":{"background-color":"var(--ast-global-color-5)","background-image":"","background-repeat":"repeat","background-position":"center center","background-size":"auto","background-attachment":"scroll","background-type":"","background-media":"","overlay-type":"","overlay-color":"","overlay-opacity":"","overlay-gradient":""},"mobile":{"background-color":"var(--ast-global-color-5)","background-image":"","background-repeat":"repeat","background-position":"center center","background-size":"auto","background-attachment":"scroll","background-type":"","background-media":"","overlay-type":"","overlay-color":"","overlay-opacity":"","overlay-gradient":""}},"footnotes":""},"class_list":["post-2325","page","type-page","status-publish","hentry"],"_links":{"self":[{"href":"https:\/\/lacabanamiraflores.com\/inicio\/wp-json\/wp\/v2\/pages\/2325","targetHints":{"allow":["GET"]}}],"collection":[{"href":"https:\/\/lacabanamiraflores.com\/inicio\/wp-json\/wp\/v2\/pages"}],"about":[{"href":"https:\/\/lacabanamiraflores.com\/inicio\/wp-json\/wp\/v2\/types\/page"}],"author":[{"embeddable":true,"href":"https:\/\/lacabanamiraflores.com\/inicio\/wp-json\/wp\/v2\/users\/1"}],"replies":[{"embeddable":true,"href":"https:\/\/lacabanamiraflores.com\/inicio\/wp-json\/wp\/v2\/comments?post=2325"}],"version-history":[{"count":10,"href":"https:\/\/lacabanamiraflores.com\/inicio\/wp-json\/wp\/v2\/pages\/2325\/revisions"}],"predecessor-version":[{"id":2627,"href":"https:\/\/lacabanamiraflores.com\/inicio\/wp-json\/wp\/v2\/pages\/2325\/revisions\/2627"}],"wp:attachment":[{"href":"https:\/\/lacabanamiraflores.com\/inicio\/wp-json\/wp\/v2\/media?parent=2325"}],"curies":[{"name":"wp","href":"https:\/\/api.w.org\/{rel}","templated":true}]}}