{"id":2353,"date":"2025-01-22T23:46:57","date_gmt":"2025-01-22T23:46:57","guid":{"rendered":"https:\/\/lacabanamiraflores.com\/inicio\/?page_id=2353"},"modified":"2025-02-25T13:38:17","modified_gmt":"2025-02-25T13:38:17","slug":"adicionales","status":"publish","type":"page","link":"https:\/\/lacabanamiraflores.com\/inicio\/adicionales\/","title":{"rendered":"adicionales"},"content":{"rendered":"\t\t<div data-elementor-type=\"wp-page\" data-elementor-id=\"2353\" class=\"elementor elementor-2353\">\n\t\t\t\t<div class=\"elementor-element elementor-element-f1bb1c6 e-flex e-con-boxed e-con e-parent\" data-id=\"f1bb1c6\" data-element_type=\"container\" data-settings=\"{&quot;background_background&quot;:&quot;classic&quot;}\">\n\t\t\t\t\t<div class=\"e-con-inner\">\n\t\t\t\t<div class=\"elementor-element elementor-element-9508c85 elementor-widget elementor-widget-heading\" data-id=\"9508c85\" data-element_type=\"widget\" data-widget_type=\"heading.default\">\n\t\t\t\t<div class=\"elementor-widget-container\">\n\t\t\t\t\t<h2 class=\"elementor-heading-title elementor-size-default\">adicionales<\/h2>\t\t\t\t<\/div>\n\t\t\t\t<\/div>\n\t\t<div class=\"elementor-element elementor-element-6d344d3 e-con-full e-flex e-con e-child\" data-id=\"6d344d3\" data-element_type=\"container\">\n\t\t\t\t<div class=\"elementor-element elementor-element-3229c04 elementor-widget elementor-widget-image\" data-id=\"3229c04\" data-element_type=\"widget\" data-widget_type=\"image.default\">\n\t\t\t\t<div class=\"elementor-widget-container\">\n\t\t\t\t\t\t\t\t\t\t\t\t\t\t\t<img fetchpriority=\"high\" decoding=\"async\" width=\"1024\" height=\"84\" src=\"https:\/\/lacabanamiraflores.com\/inicio\/wp-content\/uploads\/2025\/01\/Recurso-64LaCabana-1024x84.png\" class=\"attachment-large size-large wp-image-2238\" alt=\"\" srcset=\"https:\/\/lacabanamiraflores.com\/inicio\/wp-content\/uploads\/2025\/01\/Recurso-64LaCabana-1024x84.png 1024w, https:\/\/lacabanamiraflores.com\/inicio\/wp-content\/uploads\/2025\/01\/Recurso-64LaCabana-300x25.png 300w, https:\/\/lacabanamiraflores.com\/inicio\/wp-content\/uploads\/2025\/01\/Recurso-64LaCabana-768x63.png 768w, https:\/\/lacabanamiraflores.com\/inicio\/wp-content\/uploads\/2025\/01\/Recurso-64LaCabana-1536x126.png 1536w, https:\/\/lacabanamiraflores.com\/inicio\/wp-content\/uploads\/2025\/01\/Recurso-64LaCabana-600x49.png 600w, https:\/\/lacabanamiraflores.com\/inicio\/wp-content\/uploads\/2025\/01\/Recurso-64LaCabana.png 1859w\" sizes=\"(max-width: 1024px) 100vw, 1024px\" \/>\t\t\t\t\t\t\t\t\t\t\t\t\t\t\t<\/div>\n\t\t\t\t<\/div>\n\t\t\t\t<\/div>\n\t\t<div class=\"elementor-element elementor-element-8f9a97a e-con-full e-flex e-con e-child\" data-id=\"8f9a97a\" data-element_type=\"container\">\n\t\t<div class=\"elementor-element elementor-element-55ab7c1 e-con-full e-flex e-con e-child\" data-id=\"55ab7c1\" data-element_type=\"container\">\n\t\t<div class=\"elementor-element elementor-element-a2b34c4 e-con-full e-flex e-con e-child\" data-id=\"a2b34c4\" data-element_type=\"container\">\n\t\t\t\t<div class=\"elementor-element elementor-element-78926b1 elementor-widget elementor-widget-heading\" data-id=\"78926b1\" data-element_type=\"widget\" data-widget_type=\"heading.default\">\n\t\t\t\t<div class=\"elementor-widget-container\">\n\t\t\t\t\t<h2 class=\"elementor-heading-title elementor-size-default\">Papa a la francesa<\/h2>\t\t\t\t<\/div>\n\t\t\t\t<\/div>\n\t\t\t\t<\/div>\n\t\t\t\t<\/div>\n\t\t<div class=\"elementor-element elementor-element-3fbe694 e-con-full e-flex e-con e-child\" data-id=\"3fbe694\" data-element_type=\"container\">\n\t\t<div class=\"elementor-element elementor-element-c4eba3f e-con-full e-flex e-con e-child\" data-id=\"c4eba3f\" data-element_type=\"container\">\n\t\t\t\t<div class=\"elementor-element elementor-element-2bdf95a elementor-widget elementor-widget-heading\" data-id=\"2bdf95a\" data-element_type=\"widget\" data-widget_type=\"heading.default\">\n\t\t\t\t<div class=\"elementor-widget-container\">\n\t\t\t\t\t<h2 class=\"elementor-heading-title elementor-size-default\">Patac\u00f3n<\/h2>\t\t\t\t<\/div>\n\t\t\t\t<\/div>\n\t\t\t\t<\/div>\n\t\t\t\t<\/div>\n\t\t<div class=\"elementor-element elementor-element-758a2fb e-con-full e-flex e-con e-child\" data-id=\"758a2fb\" data-element_type=\"container\">\n\t\t<div class=\"elementor-element elementor-element-60023d7 e-con-full e-flex e-con e-child\" data-id=\"60023d7\" data-element_type=\"container\">\n\t\t\t\t<div class=\"elementor-element elementor-element-db753d9 elementor-widget elementor-widget-heading\" data-id=\"db753d9\" data-element_type=\"widget\" data-widget_type=\"heading.default\">\n\t\t\t\t<div class=\"elementor-widget-container\">\n\t\t\t\t\t<h2 class=\"elementor-heading-title elementor-size-default\">Arroz<\/h2>\t\t\t\t<\/div>\n\t\t\t\t<\/div>\n\t\t\t\t<\/div>\n\t\t\t\t<\/div>\n\t\t<div class=\"elementor-element elementor-element-5093dee e-con-full e-flex e-con e-child\" data-id=\"5093dee\" data-element_type=\"container\">\n\t\t<div class=\"elementor-element elementor-element-a943923 e-con-full e-flex e-con e-child\" data-id=\"a943923\" data-element_type=\"container\">\n\t\t\t\t<div class=\"elementor-element elementor-element-a6568ab elementor-widget elementor-widget-heading\" data-id=\"a6568ab\" data-element_type=\"widget\" data-widget_type=\"heading.default\">\n\t\t\t\t<div class=\"elementor-widget-container\">\n\t\t\t\t\t<h2 class=\"elementor-heading-title elementor-size-default\">eNsalada<\/h2>\t\t\t\t<\/div>\n\t\t\t\t<\/div>\n\t\t\t\t<\/div>\n\t\t\t\t<\/div>\n\t\t<div class=\"elementor-element elementor-element-e4b0f66 e-con-full e-flex e-con e-child\" data-id=\"e4b0f66\" data-element_type=\"container\">\n\t\t<div class=\"elementor-element elementor-element-1c8bb7b e-con-full e-flex e-con e-child\" data-id=\"1c8bb7b\" data-element_type=\"container\">\n\t\t\t\t<div class=\"elementor-element elementor-element-ac0c6ca elementor-widget elementor-widget-heading\" data-id=\"ac0c6ca\" data-element_type=\"widget\" data-widget_type=\"heading.default\">\n\t\t\t\t<div class=\"elementor-widget-container\">\n\t\t\t\t\t<h2 class=\"elementor-heading-title elementor-size-default\">Porci\u00f3n de queso<\/h2>\t\t\t\t<\/div>\n\t\t\t\t<\/div>\n\t\t\t\t<\/div>\n\t\t\t\t<\/div>\n\t\t<div class=\"elementor-element elementor-element-ecdf56b e-con-full e-flex e-con e-child\" data-id=\"ecdf56b\" data-element_type=\"container\">\n\t\t<div class=\"elementor-element elementor-element-4d3a06b e-con-full e-flex e-con e-child\" data-id=\"4d3a06b\" data-element_type=\"container\">\n\t\t\t\t<div class=\"elementor-element elementor-element-23a61d0 elementor-widget elementor-widget-heading\" data-id=\"23a61d0\" data-element_type=\"widget\" data-widget_type=\"heading.default\">\n\t\t\t\t<div class=\"elementor-widget-container\">\n\t\t\t\t\t<h2 class=\"elementor-heading-title elementor-size-default\">Porci\u00f3n de camar\u00f3n<\/h2>\t\t\t\t<\/div>\n\t\t\t\t<\/div>\n\t\t\t\t<\/div>\n\t\t\t\t<\/div>\n\t\t<div class=\"elementor-element elementor-element-512ef4c e-con-full e-flex e-con e-child\" data-id=\"512ef4c\" data-element_type=\"container\">\n\t\t<div class=\"elementor-element elementor-element-7c6f47d e-con-full e-flex e-con e-child\" data-id=\"7c6f47d\" data-element_type=\"container\">\n\t\t\t\t<div class=\"elementor-element elementor-element-d16bb3f elementor-widget elementor-widget-heading\" data-id=\"d16bb3f\" data-element_type=\"widget\" data-widget_type=\"heading.default\">\n\t\t\t\t<div class=\"elementor-widget-container\">\n\t\t\t\t\t<h2 class=\"elementor-heading-title elementor-size-default\">Porci\u00f3n de Champi\u00f1\u00f3n<\/h2>\t\t\t\t<\/div>\n\t\t\t\t<\/div>\n\t\t\t\t<\/div>\n\t\t\t\t<\/div>\n\t\t\t\t<\/div>\n\t\t<div class=\"elementor-element elementor-element-36eef00 e-con-full e-flex e-con e-child\" data-id=\"36eef00\" data-element_type=\"container\">\n\t\t\t\t<div class=\"elementor-element elementor-element-352bec1 elementor-widget elementor-widget-image\" data-id=\"352bec1\" data-element_type=\"widget\" data-widget_type=\"image.default\">\n\t\t\t\t<div class=\"elementor-widget-container\">\n\t\t\t\t\t\t\t\t\t\t\t\t\t\t\t<img fetchpriority=\"high\" decoding=\"async\" width=\"1024\" height=\"84\" src=\"https:\/\/lacabanamiraflores.com\/inicio\/wp-content\/uploads\/2025\/01\/Recurso-64LaCabana-1024x84.png\" class=\"attachment-large size-large wp-image-2238\" alt=\"\" srcset=\"https:\/\/lacabanamiraflores.com\/inicio\/wp-content\/uploads\/2025\/01\/Recurso-64LaCabana-1024x84.png 1024w, https:\/\/lacabanamiraflores.com\/inicio\/wp-content\/uploads\/2025\/01\/Recurso-64LaCabana-300x25.png 300w, https:\/\/lacabanamiraflores.com\/inicio\/wp-content\/uploads\/2025\/01\/Recurso-64LaCabana-768x63.png 768w, https:\/\/lacabanamiraflores.com\/inicio\/wp-content\/uploads\/2025\/01\/Recurso-64LaCabana-1536x126.png 1536w, https:\/\/lacabanamiraflores.com\/inicio\/wp-content\/uploads\/2025\/01\/Recurso-64LaCabana-600x49.png 600w, https:\/\/lacabanamiraflores.com\/inicio\/wp-content\/uploads\/2025\/01\/Recurso-64LaCabana.png 1859w\" sizes=\"(max-width: 1024px) 100vw, 1024px\" \/>\t\t\t\t\t\t\t\t\t\t\t\t\t\t\t<\/div>\n\t\t\t\t<\/div>\n\t\t\t\t<div class=\"elementor-element elementor-element-96a309e elementor-mobile-align-center elementor-widget elementor-widget-button\" data-id=\"96a309e\" data-element_type=\"widget\" data-widget_type=\"button.default\">\n\t\t\t\t<div class=\"elementor-widget-container\">\n\t\t\t\t\t\t\t\t\t<div class=\"elementor-button-wrapper\">\n\t\t\t\t\t<a class=\"elementor-button elementor-button-link elementor-size-sm\" href=\"https:\/\/drive.google.com\/drive\/folders\/1VkxDUyw7jnIckUq5ETwrDsHInzM0-Om3?usp=drive_link\">\n\t\t\t\t\t\t<span class=\"elementor-button-content-wrapper\">\n\t\t\t\t\t\t\t\t\t<span class=\"elementor-button-text\">CARTA EN PDF<\/span>\n\t\t\t\t\t<\/span>\n\t\t\t\t\t<\/a>\n\t\t\t\t<\/div>\n\t\t\t\t\t\t\t\t<\/div>\n\t\t\t\t<\/div>\n\t\t\t\t<\/div>\n\t\t\t\t\t<\/div>\n\t\t\t\t<\/div>\n\t\t\t\t<\/div>\n\t\t","protected":false},"excerpt":{"rendered":"<p>adicionales Papa a la francesa Patac\u00f3n Arroz eNsalada Porci\u00f3n de queso Porci\u00f3n de camar\u00f3n Porci\u00f3n de Champi\u00f1\u00f3n CARTA EN PDF<\/p>\n","protected":false},"author":1,"featured_media":0,"parent":0,"menu_order":0,"comment_status":"closed","ping_status":"closed","template":"","meta":{"site-sidebar-layout":"no-sidebar","site-content-layout":"page-builder","ast-site-content-layout":"full-width-container","site-content-style":"default","site-sidebar-style":"default","ast-global-header-display":"","ast-banner-title-visibility":"","ast-main-header-display":"","ast-hfb-above-header-display":"","ast-hfb-below-header-display":"","ast-hfb-mobile-header-display":"","site-post-title":"disabled","ast-breadcrumbs-content":"","ast-featured-img":"disabled","footer-sml-layout":"","theme-transparent-header-meta":"","adv-header-id-meta":"","stick-header-meta":"","header-above-stick-meta":"","header-main-stick-meta":"","header-below-stick-meta":"","astra-migrate-meta-layouts":"set","ast-page-background-enabled":"default","ast-page-background-meta":{"desktop":{"background-color":"var(--ast-global-color-4)","background-image":"","background-repeat":"repeat","background-position":"center center","background-size":"auto","background-attachment":"scroll","background-type":"","background-media":"","overlay-type":"","overlay-color":"","overlay-opacity":"","overlay-gradient":""},"tablet":{"background-color":"","background-image":"","background-repeat":"repeat","background-position":"center center","background-size":"auto","background-attachment":"scroll","background-type":"","background-media":"","overlay-type":"","overlay-color":"","overlay-opacity":"","overlay-gradient":""},"mobile":{"background-color":"","background-image":"","background-repeat":"repeat","background-position":"center center","background-size":"auto","background-attachment":"scroll","background-type":"","background-media":"","overlay-type":"","overlay-color":"","overlay-opacity":"","overlay-gradient":""}},"ast-content-background-meta":{"desktop":{"background-color":"var(--ast-global-color-5)","background-image":"","background-repeat":"repeat","background-position":"center center","background-size":"auto","background-attachment":"scroll","background-type":"","background-media":"","overlay-type":"","overlay-color":"","overlay-opacity":"","overlay-gradient":""},"tablet":{"background-color":"var(--ast-global-color-5)","background-image":"","background-repeat":"repeat","background-position":"center center","background-size":"auto","background-attachment":"scroll","background-type":"","background-media":"","overlay-type":"","overlay-color":"","overlay-opacity":"","overlay-gradient":""},"mobile":{"background-color":"var(--ast-global-color-5)","background-image":"","background-repeat":"repeat","background-position":"center center","background-size":"auto","background-attachment":"scroll","background-type":"","background-media":"","overlay-type":"","overlay-color":"","overlay-opacity":"","overlay-gradient":""}},"footnotes":""},"class_list":["post-2353","page","type-page","status-publish","hentry"],"_links":{"self":[{"href":"https:\/\/lacabanamiraflores.com\/inicio\/wp-json\/wp\/v2\/pages\/2353","targetHints":{"allow":["GET"]}}],"collection":[{"href":"https:\/\/lacabanamiraflores.com\/inicio\/wp-json\/wp\/v2\/pages"}],"about":[{"href":"https:\/\/lacabanamiraflores.com\/inicio\/wp-json\/wp\/v2\/types\/page"}],"author":[{"embeddable":true,"href":"https:\/\/lacabanamiraflores.com\/inicio\/wp-json\/wp\/v2\/users\/1"}],"replies":[{"embeddable":true,"href":"https:\/\/lacabanamiraflores.com\/inicio\/wp-json\/wp\/v2\/comments?post=2353"}],"version-history":[{"count":22,"href":"https:\/\/lacabanamiraflores.com\/inicio\/wp-json\/wp\/v2\/pages\/2353\/revisions"}],"predecessor-version":[{"id":2572,"href":"https:\/\/lacabanamiraflores.com\/inicio\/wp-json\/wp\/v2\/pages\/2353\/revisions\/2572"}],"wp:attachment":[{"href":"https:\/\/lacabanamiraflores.com\/inicio\/wp-json\/wp\/v2\/media?parent=2353"}],"curies":[{"name":"wp","href":"https:\/\/api.w.org\/{rel}","templated":true}]}}